{"id":4077,"date":"2023-02-02T16:47:56","date_gmt":"2023-02-02T15:47:56","guid":{"rendered":"https:\/\/www.dev.bleuvif.com\/grandmenage\/?page_id=4077"},"modified":"2023-02-02T16:52:37","modified_gmt":"2023-02-02T15:52:37","slug":"politiquesdeconfidentialites","status":"publish","type":"page","link":"https:\/\/www.dev.bleuvif.com\/grandmenage\/politiquesdeconfidentialites\/","title":{"rendered":"Politiques de confidentialit\u00e9s"},"content":{"rendered":"\t\t<div data-elementor-type=\"wp-page\" data-elementor-id=\"4077\" class=\"elementor elementor-4077\">\n\t\t\t\t\t\t\t\t\t<section class=\"elementor-section elementor-top-section elementor-element elementor-element-cdbf46e elementor-section-boxed elementor-section-height-default elementor-section-height-default\" data-id=\"cdbf46e\" data-element_type=\"section\">\n\t\t\t\t\t\t<div class=\"elementor-container elementor-column-gap-default\">\n\t\t\t\t\t<div class=\"elementor-column elementor-col-100 elementor-top-column elementor-element elementor-element-450afd6\" data-id=\"450afd6\" data-element_type=\"column\">\n\t\t\t<div class=\"elementor-widget-wrap elementor-element-populated\">\n\t\t\t\t\t\t\t\t<div class=\"elementor-element elementor-element-3fdb634 elementor-widget elementor-widget-text-editor\" data-id=\"3fdb634\" data-element_type=\"widget\" data-widget_type=\"text-editor.default\">\n\t\t\t\t<div class=\"elementor-widget-container\">\n\t\t\t<style>\/*! elementor - v3.13.2 - 11-05-2023 *\/\n.elementor-widget-text-editor.elementor-drop-cap-view-stacked .elementor-drop-cap{background-color:#69727d;color:#fff}.elementor-widget-text-editor.elementor-drop-cap-view-framed .elementor-drop-cap{color:#69727d;border:3px solid;background-color:transparent}.elementor-widget-text-editor:not(.elementor-drop-cap-view-default) .elementor-drop-cap{margin-top:8px}.elementor-widget-text-editor:not(.elementor-drop-cap-view-default) .elementor-drop-cap-letter{width:1em;height:1em}.elementor-widget-text-editor .elementor-drop-cap{float:left;text-align:center;line-height:1;font-size:50px}.elementor-widget-text-editor .elementor-drop-cap-letter{display:inline-block}<\/style>\t\t\t\t<h1>Politique de confidentialit\u00e9<\/h1><div class=\"elementor-widget-container\"><p class=\"p1\">Les dispositions qui suivent concernent tous les traitements de donn\u00e9es personnelles effectu\u00e9s par le responsable de traitement pour le fonctionnement de son site Internet et la gestion de ses relations commerciales.<\/p><p class=\"p1\"><b>Cadre juridique \u2013 conformit\u00e9 au RGPD et \u00e0 la loi fran\u00e7aise<\/b><\/p><p class=\"p1\">Le responsable du traitement d\u00e9clare qu\u2019il effectue des traitements de donn\u00e9es personnelles conform\u00e9ment au r\u00e8glement (UE) 2016\/679 du Parlement europ\u00e9en et du Conseil du 27 avril 2016, relatif \u00e0 la protection des personnes physiques \u00e0 l\u2019\u00e9gard du traitement des donn\u00e9es \u00e0 caract\u00e8re personnel et \u00e0 la libre circulation de ces donn\u00e9es (ci-apr\u00e8s d\u00e9sign\u00e9 le RGPD) et \u00e0 la loi fran\u00e7aise n\u00b0 78-17 du 6 janvier 1978 relative \u00e0 l\u2019informatique, aux fichiers et aux libert\u00e9s (telle que modifi\u00e9e).<\/p><p class=\"p1\"><b>Donn\u00e9es personnelles collect\u00e9es<\/b><\/p><p class=\"p1\">Les informations que nous sommes amen\u00e9s \u00e0 collecter sont toutes les informations pertinentes dans le cadre du fonctionnement du site Internet.<\/p><p class=\"p1\"><b>Responsable du traitement de vos donn\u00e9es<\/b><\/p><p class=\"p1\">Le responsable du traitement est identifi\u00e9 ci-dessous. Ses coordonn\u00e9es sont :<\/p><p class=\"p1\"><b>Vinaigrerie G\u00e9n\u00e9rale<\/b><\/p><p class=\"p3\"><span class=\"s1\">Adresse de l\u2019entreprise : 44 route de Sivadal &#8211; 24130 PRIGONRIEUX<\/span><\/p><p class=\"p4\">Tel: 05 53 73 13 08<\/p><p class=\"p4\">Contact :\u00a0<span class=\"s2\">sdouence@vinaigreriegenerale.fr<\/span><span class=\"s3\"><span class=\"Apple-converted-space\">\u00a0<\/span><\/span><\/p><p class=\"p1\"><b>Notions<\/b><\/p><p class=\"p1\"><b>Les donn\u00e9es \u00e0 caract\u00e8re personnel<\/b>\u00a0: donn\u00e9es qui permettent d\u2019identifier directement ou indirectement (par regroupement d\u2019informations) des personnes physiques (notamment par les noms, pr\u00e9nom, identifiant, num\u00e9ro de t\u00e9l\u00e9phone\u2026).<\/p><p class=\"p1\"><b>Un fichier<\/b>\u00a0: tout ensemble structur\u00e9 de donn\u00e9es \u00e0 caract\u00e8re personnel, quel que soit le support (papier\/num\u00e9rique).<\/p><p class=\"p1\"><b>Un traitement<\/b>\u00a0: toute op\u00e9ration ou ensemble d\u2019op\u00e9rations portant sur ces donn\u00e9es, quel que soit le proc\u00e9d\u00e9 utilis\u00e9 et, notamment la collecte, l\u2019enregistrement, l\u2019organisation, la conservation, l\u2019adaptation, la modification, l\u2019extraction, la consultation, l\u2019utilisation, la communication par transmission ou diffusion, le rapprochement, le verrouillage, l\u2019effacement ou la destruction.<\/p><p class=\"p1\"><b>Quand sont collect\u00e9es vos donn\u00e9es<\/b><\/p><p class=\"p1\">Vos donn\u00e9es \u00e0 caract\u00e8re personnel sont collect\u00e9es :<\/p><ul class=\"ul1\"><li class=\"li1\">Lors de votre navigation sur le site Internet par le biais de traceurs ou cookies.<\/li><\/ul><p class=\"p1\"><b>Base l\u00e9gale de traitement des donn\u00e9es<\/b><\/p><p class=\"p1\">Vos donn\u00e9es personnelles sont collect\u00e9es et\/ou trait\u00e9es sur les bases l\u00e9gales suivantes :<\/p><ul class=\"ul1\"><li class=\"li1\">A des fins d\u2019int\u00e9r\u00eat l\u00e9gitime (mesure du fonctionnement du site)<\/li><li class=\"li1\">Sur le fondement de votre consentement que vous pouvez retirer \u00e0 tout moment (mesurer l\u2019audience du site et \u00e9tablir des statistiques, assurer l\u2019interactivit\u00e9 du site)<\/li><li class=\"li1\">Dans le but d\u2019assurer le respect de nos obligations l\u00e9gales et r\u00e9glementaires,<\/li><\/ul><p class=\"p1\">Les donn\u00e9es personnelles collect\u00e9es sont destin\u00e9es, dans la limite de leurs attributions, \u00e0 nos services internes.<\/p><p class=\"p1\">Le responsable de traitement d\u00e9clare ne pas avoir l\u2019intention d\u2019effectuer un transfert de donn\u00e9es \u00e0 caract\u00e8re personnel vers un pays tiers ou \u00e0 une organisation internationale.<\/p><p class=\"p1\">Le responsable de traitement peut \u00e9galement utiliser les donn\u00e9es d\u00e8s lors qu\u2019un int\u00e9r\u00eat l\u00e9gitime le justifie : pour \u00e9valuer, am\u00e9liorer les services existants ou en cr\u00e9er de nouveaux.<\/p><p class=\"p1\"><b>Dur\u00e9e de conservation des donn\u00e9es<\/b><\/p><p class=\"p1\">Les donn\u00e9es personnelles sont conserv\u00e9es pour la dur\u00e9e n\u00e9cessaire \u00e0 l\u2019accomplissement des finalit\u00e9s d\u00e9crites pr\u00e9c\u00e9demment et conform\u00e9ment aux lois et r\u00e8glements fran\u00e7ais, europ\u00e9ens applicables en la mati\u00e8re.<\/p><p class=\"p1\"><b>Droits de la personne dont les donn\u00e9es sont collect\u00e9es<\/b><\/p><p class=\"p1\">La personne dont les donn\u00e9es personnelles ont \u00e9t\u00e9 collect\u00e9es est en droit de :<\/p><ul class=\"ul1\"><li class=\"li1\">De demander au responsable de traitement l\u2019acc\u00e8s aux donn\u00e9es \u00e0 caract\u00e8re personnel, la rectification ou l\u2019effacement de celles-ci ou une limitation du traitement relatif \u00e0 la personne concern\u00e9e,<\/li><li class=\"li1\">De s\u2019opposer au traitement<\/li><li class=\"li1\">De demander la portabilit\u00e9 de ses donn\u00e9es,<\/li><li class=\"li1\">D\u2019introduire une r\u00e9clamation aupr\u00e8s d\u2019une autorit\u00e9 de contr\u00f4le,<\/li><li class=\"li1\">De retirer son consentement \u00e0 tout moment, sans porter atteinte \u00e0 la lic\u00e9it\u00e9 du traitement fond\u00e9 sur le consentement effectu\u00e9 avant le retrait de celui-ci ; ce droit existant exclusivement lorsque le traitement est fond\u00e9 sur l\u2019article 6 paragraphe 1 a) ou sur l\u2019article 9 paragraphe 2 a) du RGPD c\u2019est-\u00e0-dire sur le consentement de la personne concern\u00e9e donn\u00e9 au traitement de ses donn\u00e9es \u00e0 caract\u00e8re personnel pour une ou plusieurs finalit\u00e9s sp\u00e9cifiques.<\/li><\/ul><p class=\"p1\">Vous pouvez effectuer toute demande d\u2019exercice de vos droits relatifs \u00e0 vos donn\u00e9es personnelles en nous contactant par email \u00e0 l\u2019adresse suivante :\u00a0sdouence@vinaigreriegenerale.fr<\/p><p class=\"p1\"><b>Mesures de s\u00e9curit\u00e9 et de lutte contre la fraude<\/b><\/p><p class=\"p1\">Le responsable de traitement prend toute pr\u00e9caution utile afin de pr\u00e9server la s\u00e9curit\u00e9 et la confidentialit\u00e9 des donn\u00e9es afin notamment d\u2019emp\u00eacher qu\u2019elles soient d\u00e9form\u00e9es, endommag\u00e9es, divulgu\u00e9es et que des tiers non autoris\u00e9s y aient acc\u00e8s.<\/p><p class=\"p1\"><b>Gestion des cookies<\/b><\/p><p class=\"p1\">Un cookie est un petit fichier enregistr\u00e9 sur le disque dur de votre ordinateur \u00e0 la demande du servant g\u00e9rant le site internet visit\u00e9. Il contient des informations sur la navigation effectu\u00e9e sur les pages du site. Les cookies d\u00e9pos\u00e9s lors d\u2019une visite sur le site ont pour finalit\u00e9 d\u2019assurer son fonctionnement optimal en conservant les informations de l\u2019internaute le temps de sa session, de permettre d\u2019\u00e9tablir des statistiques de mesures d\u2019audience et l\u2019\u00e9mission de publicit\u00e9s adapt\u00e9es \u00e0 vos centres d\u2019int\u00e9r\u00eats ainsi que l\u2019am\u00e9lioration de l\u2019interactivit\u00e9 du site via les r\u00e9seaux sociaux. Dans votre ordinateur, c\u2019est le navigateur (Internet Explorer, Firefox, Chrome, Safari, etc.) qui g\u00e8re les cookies et re\u00e7oit l\u2019ordre de les enregistrer de la part du serveur. Vous pouvez ainsi interdire tout enregistrement de cookie (mais l\u2019acc\u00e8s \u00e0 de nombreux sites, ou du moins l\u2019utilisation de leurs fonctionnalit\u00e9s, est alors impossible ou limit\u00e9). Les navigateurs permettent de les retrouver, de les lister et m\u00eame de les supprimer. M\u00eame si vous ne les supprimez pas, ils dispara\u00eetront, car ils ont une date de p\u00e9remption, de plusieurs mois ou la \u00ab fin de session \u00bb, c\u2019est-\u00e0-dire le moment o\u00f9 vous quittez le site que vous visitiez.<\/p><p class=\"p1\">Plusieurs cookies sont utilis\u00e9s sur le site internet :<\/p><ul class=\"ul1\"><li class=\"li1\"><b>Cookies strictement n\u00e9cessaires<\/b>\u00a0: ils sont indispensables au bon fonctionnement du site internet et ne peuvent pas \u00eatre d\u00e9sactiv\u00e9s de nos syst\u00e8mes. Ils ne sont g\u00e9n\u00e9ralement qu\u2019activ\u00e9s en r\u00e9ponse \u00e0 des actions que vous effectuez et qui correspondent \u00e0 une demande de services, comme la configuration de vos pr\u00e9f\u00e9rences de confidentialit\u00e9, la connexion ou le remplissage de formulaires. Vous pouvez configurer votre navigateur pour bloquer ou \u00eatre alert\u00e9 de l\u2019utilisation de ces cookies. Cependant, si cette cat\u00e9gorie de cookies \u2013 qui ne stocke aucune donn\u00e9e personnelle \u2013 est bloqu\u00e9e, certaines parties du site ne pourront pas fonctionner.<\/li><\/ul><ul class=\"ul1\"><li class=\"li1\"><b>Cookies de performance<\/b>\u00a0: Ces cookies permettent de d\u00e9terminer le nombre de visites et les sources du trafic sur le site internet, afin d\u2019en mesurer et d\u2019en am\u00e9liorer les performances. Toutes les informations, collect\u00e9es par ces cookies, sont agr\u00e9g\u00e9es et donc anonymis\u00e9es. Si vous n\u2019acceptez pas cette cat\u00e9gorie de cookies, vos visites ne seront pas inclues dans nos statistiques de fr\u00e9quentation, mais vous pourrez utiliser le site normalement.<\/li><\/ul><ul class=\"ul1\"><li class=\"li1\"><b>Cookies de fonctionnalit\u00e9<\/b>\u00a0: Ces cookies permettent d\u2019am\u00e9liorer les fonctionnalit\u00e9s et la personnalisation de notre site. Ils peuvent \u00eatre d\u00e9finis par nous ou par des partenaires tiers, dont nous avons ajout\u00e9 les services \u00e0 nos pages. Si vous n\u2019acceptez pas ces cookies, certains ou tous ces services seront susceptibles ne pas fonctionner correctement.<\/li><\/ul><p class=\"p1\">Le Site utilise des cookies du groupe Google. Pour toute information sur la mani\u00e8re dont Google utilise les donn\u00e9es collect\u00e9es via ces cookies, vous pouvez prendre connaissance des r\u00e8gles de confidentialit\u00e9 et des conditions d\u2019utilisation de Google accessibles\u00a0<a href=\"https:\/\/policies.google.com\/technologies\/partner-sites\"><span class=\"s4\">ici<\/span><\/a>.<\/p><p class=\"p1\"><b>Mise \u00e0 jour<\/b><\/p><p class=\"p1\">Le responsable de traitement peut modifier la pr\u00e9sente Politique p\u00e9riodiquement. Vous \u00eates invit\u00e9 par cons\u00e9quent \u00e0 vous rapprocher du responsable de traitement des donn\u00e9es personnelles pour v\u00e9rifier que vous poss\u00e9dez bien la derni\u00e8re mise \u00e0 jour de cette politique.<\/p><\/div>\t\t\t\t\t\t<\/div>\n\t\t\t\t<\/div>\n\t\t\t\t\t<\/div>\n\t\t<\/div>\n\t\t\t\t\t\t\t<\/div>\n\t\t<\/section>\n\t\t\t\t\t\t\t<\/div>\n\t\t","protected":false},"excerpt":{"rendered":"<p>Politique de confidentialit\u00e9 Les dispositions qui suivent concernent tous les traitements de donn\u00e9es personnelles effectu\u00e9s par le responsable de traitement pour le fonctionnement de son site Internet et la gestion de ses relations commerciales. Cadre juridique \u2013 conformit\u00e9 au RGPD et \u00e0 la loi fran\u00e7aise Le responsable du traitement d\u00e9clare qu\u2019il effectue des traitements de [&hellip;]<\/p>\n","protected":false},"author":1,"featured_media":0,"parent":0,"menu_order":0,"comment_status":"closed","ping_status":"closed","template":"","meta":{"footnotes":""},"class_list":["post-4077","page","type-page","status-publish","hentry"],"yoast_head":"<!-- This site is optimized with the Yoast SEO plugin v20.7 - https:\/\/yoast.com\/wordpress\/plugins\/seo\/ -->\n<title>Politiques de confidentialit\u00e9s - Grand m\u00e9nage<\/title>\n<meta name=\"robots\" content=\"index, follow, max-snippet:-1, max-image-preview:large, max-video-preview:-1\" \/>\n<link rel=\"canonical\" href=\"https:\/\/www.dev.bleuvif.com\/grandmenage\/politiquesdeconfidentialites\/\" \/>\n<meta property=\"og:locale\" content=\"fr_FR\" \/>\n<meta property=\"og:type\" content=\"article\" \/>\n<meta property=\"og:title\" content=\"Politiques de confidentialit\u00e9s - Grand m\u00e9nage\" \/>\n<meta property=\"og:description\" content=\"Politique de confidentialit\u00e9 Les dispositions qui suivent concernent tous les traitements de donn\u00e9es personnelles effectu\u00e9s par le responsable de traitement pour le fonctionnement de son site Internet et la gestion de ses relations commerciales. Cadre juridique \u2013 conformit\u00e9 au RGPD et \u00e0 la loi fran\u00e7aise Le responsable du traitement d\u00e9clare qu\u2019il effectue des traitements de [&hellip;]\" \/>\n<meta property=\"og:url\" content=\"https:\/\/www.dev.bleuvif.com\/grandmenage\/politiquesdeconfidentialites\/\" \/>\n<meta property=\"og:site_name\" content=\"Grand m\u00e9nage\" \/>\n<meta property=\"article:modified_time\" content=\"2023-02-02T15:52:37+00:00\" \/>\n<meta name=\"twitter:card\" content=\"summary_large_image\" \/>\n<meta name=\"twitter:label1\" content=\"Dur\u00e9e de lecture estim\u00e9e\" \/>\n\t<meta name=\"twitter:data1\" content=\"12 minutes\" \/>\n<script type=\"application\/ld+json\" class=\"yoast-schema-graph\">{\"@context\":\"https:\/\/schema.org\",\"@graph\":[{\"@type\":\"WebPage\",\"@id\":\"https:\/\/www.dev.bleuvif.com\/grandmenage\/politiquesdeconfidentialites\/\",\"url\":\"https:\/\/www.dev.bleuvif.com\/grandmenage\/politiquesdeconfidentialites\/\",\"name\":\"Politiques de confidentialit\u00e9s - Grand m\u00e9nage\",\"isPartOf\":{\"@id\":\"https:\/\/www.dev.bleuvif.com\/grandmenage\/#website\"},\"datePublished\":\"2023-02-02T15:47:56+00:00\",\"dateModified\":\"2023-02-02T15:52:37+00:00\",\"inLanguage\":\"fr-FR\",\"potentialAction\":[{\"@type\":\"ReadAction\",\"target\":[\"https:\/\/www.dev.bleuvif.com\/grandmenage\/politiquesdeconfidentialites\/\"]}]},{\"@type\":\"WebSite\",\"@id\":\"https:\/\/www.dev.bleuvif.com\/grandmenage\/#website\",\"url\":\"https:\/\/www.dev.bleuvif.com\/grandmenage\/\",\"name\":\"Grand m\u00e9nage\",\"description\":\"\",\"publisher\":{\"@id\":\"https:\/\/www.dev.bleuvif.com\/grandmenage\/#organization\"},\"potentialAction\":[{\"@type\":\"SearchAction\",\"target\":{\"@type\":\"EntryPoint\",\"urlTemplate\":\"https:\/\/www.dev.bleuvif.com\/grandmenage\/?s={search_term_string}\"},\"query-input\":\"required name=search_term_string\"}],\"inLanguage\":\"fr-FR\"},{\"@type\":\"Organization\",\"@id\":\"https:\/\/www.dev.bleuvif.com\/grandmenage\/#organization\",\"name\":\"Grand m\u00e9nage\",\"url\":\"https:\/\/www.dev.bleuvif.com\/grandmenage\/\",\"logo\":{\"@type\":\"ImageObject\",\"inLanguage\":\"fr-FR\",\"@id\":\"https:\/\/www.dev.bleuvif.com\/grandmenage\/#\/schema\/logo\/image\/\",\"url\":\"https:\/\/www.dev.bleuvif.com\/grandmenage\/wp-content\/uploads\/2023\/01\/cropped-PlaneteGM.png\",\"contentUrl\":\"https:\/\/www.dev.bleuvif.com\/grandmenage\/wp-content\/uploads\/2023\/01\/cropped-PlaneteGM.png\",\"width\":512,\"height\":512,\"caption\":\"Grand m\u00e9nage\"},\"image\":{\"@id\":\"https:\/\/www.dev.bleuvif.com\/grandmenage\/#\/schema\/logo\/image\/\"}}]}<\/script>\n<!-- \/ Yoast SEO plugin. -->","yoast_head_json":{"title":"Politiques de confidentialit\u00e9s - Grand m\u00e9nage","robots":{"index":"index","follow":"follow","max-snippet":"max-snippet:-1","max-image-preview":"max-image-preview:large","max-video-preview":"max-video-preview:-1"},"canonical":"https:\/\/www.dev.bleuvif.com\/grandmenage\/politiquesdeconfidentialites\/","og_locale":"fr_FR","og_type":"article","og_title":"Politiques de confidentialit\u00e9s - Grand m\u00e9nage","og_description":"Politique de confidentialit\u00e9 Les dispositions qui suivent concernent tous les traitements de donn\u00e9es personnelles effectu\u00e9s par le responsable de traitement pour le fonctionnement de son site Internet et la gestion de ses relations commerciales. Cadre juridique \u2013 conformit\u00e9 au RGPD et \u00e0 la loi fran\u00e7aise Le responsable du traitement d\u00e9clare qu\u2019il effectue des traitements de [&hellip;]","og_url":"https:\/\/www.dev.bleuvif.com\/grandmenage\/politiquesdeconfidentialites\/","og_site_name":"Grand m\u00e9nage","article_modified_time":"2023-02-02T15:52:37+00:00","twitter_card":"summary_large_image","twitter_misc":{"Dur\u00e9e de lecture estim\u00e9e":"12 minutes"},"schema":{"@context":"https:\/\/schema.org","@graph":[{"@type":"WebPage","@id":"https:\/\/www.dev.bleuvif.com\/grandmenage\/politiquesdeconfidentialites\/","url":"https:\/\/www.dev.bleuvif.com\/grandmenage\/politiquesdeconfidentialites\/","name":"Politiques de confidentialit\u00e9s - Grand m\u00e9nage","isPartOf":{"@id":"https:\/\/www.dev.bleuvif.com\/grandmenage\/#website"},"datePublished":"2023-02-02T15:47:56+00:00","dateModified":"2023-02-02T15:52:37+00:00","inLanguage":"fr-FR","potentialAction":[{"@type":"ReadAction","target":["https:\/\/www.dev.bleuvif.com\/grandmenage\/politiquesdeconfidentialites\/"]}]},{"@type":"WebSite","@id":"https:\/\/www.dev.bleuvif.com\/grandmenage\/#website","url":"https:\/\/www.dev.bleuvif.com\/grandmenage\/","name":"Grand m\u00e9nage","description":"","publisher":{"@id":"https:\/\/www.dev.bleuvif.com\/grandmenage\/#organization"},"potentialAction":[{"@type":"SearchAction","target":{"@type":"EntryPoint","urlTemplate":"https:\/\/www.dev.bleuvif.com\/grandmenage\/?s={search_term_string}"},"query-input":"required name=search_term_string"}],"inLanguage":"fr-FR"},{"@type":"Organization","@id":"https:\/\/www.dev.bleuvif.com\/grandmenage\/#organization","name":"Grand m\u00e9nage","url":"https:\/\/www.dev.bleuvif.com\/grandmenage\/","logo":{"@type":"ImageObject","inLanguage":"fr-FR","@id":"https:\/\/www.dev.bleuvif.com\/grandmenage\/#\/schema\/logo\/image\/","url":"https:\/\/www.dev.bleuvif.com\/grandmenage\/wp-content\/uploads\/2023\/01\/cropped-PlaneteGM.png","contentUrl":"https:\/\/www.dev.bleuvif.com\/grandmenage\/wp-content\/uploads\/2023\/01\/cropped-PlaneteGM.png","width":512,"height":512,"caption":"Grand m\u00e9nage"},"image":{"@id":"https:\/\/www.dev.bleuvif.com\/grandmenage\/#\/schema\/logo\/image\/"}}]}},"_links":{"self":[{"href":"https:\/\/www.dev.bleuvif.com\/grandmenage\/wp-json\/wp\/v2\/pages\/4077","targetHints":{"allow":["GET"]}}],"collection":[{"href":"https:\/\/www.dev.bleuvif.com\/grandmenage\/wp-json\/wp\/v2\/pages"}],"about":[{"href":"https:\/\/www.dev.bleuvif.com\/grandmenage\/wp-json\/wp\/v2\/types\/page"}],"author":[{"embeddable":true,"href":"https:\/\/www.dev.bleuvif.com\/grandmenage\/wp-json\/wp\/v2\/users\/1"}],"replies":[{"embeddable":true,"href":"https:\/\/www.dev.bleuvif.com\/grandmenage\/wp-json\/wp\/v2\/comments?post=4077"}],"version-history":[{"count":4,"href":"https:\/\/www.dev.bleuvif.com\/grandmenage\/wp-json\/wp\/v2\/pages\/4077\/revisions"}],"predecessor-version":[{"id":4081,"href":"https:\/\/www.dev.bleuvif.com\/grandmenage\/wp-json\/wp\/v2\/pages\/4077\/revisions\/4081"}],"wp:attachment":[{"href":"https:\/\/www.dev.bleuvif.com\/grandmenage\/wp-json\/wp\/v2\/media?parent=4077"}],"curies":[{"name":"wp","href":"https:\/\/api.w.org\/{rel}","templated":true}]}}