{"id":2109,"date":"2023-01-13T14:58:07","date_gmt":"2023-01-13T13:58:07","guid":{"rendered":"https:\/\/www.dev.bleuvif.com\/grandmenage\/?page_id=2109"},"modified":"2023-05-09T16:26:17","modified_gmt":"2023-05-09T14:26:17","slug":"aide-menagere-vinaigres-dalcool","status":"publish","type":"page","link":"https:\/\/www.dev.bleuvif.com\/grandmenage\/produits\/aide-menagere-vinaigres-dalcool\/","title":{"rendered":"Aide M\u00e9nag\u00e8re vinaigres d\u2019alcool"},"content":{"rendered":"\t\t<div data-elementor-type=\"wp-page\" data-elementor-id=\"2109\" class=\"elementor elementor-2109\">\n\t\t\t\t\t\t\t\t\t<section class=\"elementor-section elementor-top-section elementor-element elementor-element-4fec105 elementor-section-boxed elementor-section-height-default elementor-section-height-default\" data-id=\"4fec105\" data-element_type=\"section\">\n\t\t\t\t\t\t<div class=\"elementor-container elementor-column-gap-default\">\n\t\t\t\t\t<div class=\"elementor-column elementor-col-100 elementor-top-column elementor-element elementor-element-2b82832\" data-id=\"2b82832\" data-element_type=\"column\">\n\t\t\t<div class=\"elementor-widget-wrap elementor-element-populated\">\n\t\t\t\t\t\t\t\t<div class=\"elementor-element elementor-element-61014e4 elementor-widget elementor-widget-breadcrumbs\" data-id=\"61014e4\" data-element_type=\"widget\" data-widget_type=\"breadcrumbs.default\">\n\t\t\t\t<div class=\"elementor-widget-container\">\n\t\t\t<link rel=\"stylesheet\" href=\"https:\/\/www.dev.bleuvif.com\/grandmenage\/wp-content\/plugins\/elementor-pro\/assets\/css\/widget-theme-elements.min.css\"><p id=\"breadcrumbs\"><\/p>\t\t<\/div>\n\t\t\t\t<\/div>\n\t\t\t\t\t<\/div>\n\t\t<\/div>\n\t\t\t\t\t\t\t<\/div>\n\t\t<\/section>\n\t\t\t\t<section class=\"elementor-section elementor-top-section elementor-element elementor-element-694834b elementor-section-boxed elementor-section-height-default elementor-section-height-default\" data-id=\"694834b\" data-element_type=\"section\">\n\t\t\t\t\t\t<div class=\"elementor-container elementor-column-gap-default\">\n\t\t\t\t\t<div class=\"elementor-column elementor-col-50 elementor-top-column elementor-element elementor-element-a5b4d58\" data-id=\"a5b4d58\" data-element_type=\"column\" data-settings=\"{&quot;background_background&quot;:&quot;classic&quot;}\">\n\t\t\t<div class=\"elementor-widget-wrap elementor-element-populated\">\n\t\t\t\t\t\t\t\t<section class=\"elementor-section elementor-inner-section elementor-element elementor-element-7eb233e elementor-section-full_width elementor-section-height-min-height elementor-section-height-default\" data-id=\"7eb233e\" data-element_type=\"section\">\n\t\t\t\t\t\t<div class=\"elementor-container elementor-column-gap-default\">\n\t\t\t\t\t<div class=\"elementor-column elementor-col-50 elementor-inner-column elementor-element elementor-element-730a619\" data-id=\"730a619\" data-element_type=\"column\">\n\t\t\t<div class=\"elementor-widget-wrap\">\n\t\t\t\t\t\t\t\t\t<\/div>\n\t\t<\/div>\n\t\t\t\t<div class=\"elementor-column elementor-col-50 elementor-inner-column elementor-element elementor-element-a401a53\" data-id=\"a401a53\" data-element_type=\"column\">\n\t\t\t<div class=\"elementor-widget-wrap\">\n\t\t\t\t\t\t\t\t\t<\/div>\n\t\t<\/div>\n\t\t\t\t\t\t\t<\/div>\n\t\t<\/section>\n\t\t\t\t\t<\/div>\n\t\t<\/div>\n\t\t\t\t<div class=\"elementor-column elementor-col-50 elementor-top-column elementor-element elementor-element-a7727c8\" data-id=\"a7727c8\" data-element_type=\"column\">\n\t\t\t<div class=\"elementor-widget-wrap elementor-element-populated\">\n\t\t\t\t\t\t\t\t<div class=\"elementor-element elementor-element-80da66c elementor-widget elementor-widget-heading\" data-id=\"80da66c\" data-element_type=\"widget\" data-widget_type=\"heading.default\">\n\t\t\t\t<div class=\"elementor-widget-container\">\n\t\t\t<style>\/*! elementor - v3.13.2 - 11-05-2023 *\/\n.elementor-heading-title{padding:0;margin:0;line-height:1}.elementor-widget-heading .elementor-heading-title[class*=elementor-size-]>a{color:inherit;font-size:inherit;line-height:inherit}.elementor-widget-heading .elementor-heading-title.elementor-size-small{font-size:15px}.elementor-widget-heading .elementor-heading-title.elementor-size-medium{font-size:19px}.elementor-widget-heading .elementor-heading-title.elementor-size-large{font-size:29px}.elementor-widget-heading .elementor-heading-title.elementor-size-xl{font-size:39px}.elementor-widget-heading .elementor-heading-title.elementor-size-xxl{font-size:59px}<\/style><h2 class=\"elementor-heading-title elementor-size-default\">AIDES M\u00c9NAG\u00c8RES\n<\/h2>\t\t<\/div>\n\t\t\t\t<\/div>\n\t\t\t\t<div class=\"elementor-element elementor-element-fea6f06 elementor-widget elementor-widget-heading\" data-id=\"fea6f06\" data-element_type=\"widget\" data-widget_type=\"heading.default\">\n\t\t\t\t<div class=\"elementor-widget-container\">\n\t\t\t<h2 class=\"elementor-heading-title elementor-size-default\">Pot 350g &amp; Spray gel<\/h2>\t\t<\/div>\n\t\t\t\t<\/div>\n\t\t\t\t<div class=\"elementor-element elementor-element-6ce000c elementor-widget elementor-widget-text-editor\" data-id=\"6ce000c\" data-element_type=\"widget\" data-widget_type=\"text-editor.default\">\n\t\t\t\t<div class=\"elementor-widget-container\">\n\t\t\t<style>\/*! elementor - v3.13.2 - 11-05-2023 *\/\n.elementor-widget-text-editor.elementor-drop-cap-view-stacked .elementor-drop-cap{background-color:#69727d;color:#fff}.elementor-widget-text-editor.elementor-drop-cap-view-framed .elementor-drop-cap{color:#69727d;border:3px solid;background-color:transparent}.elementor-widget-text-editor:not(.elementor-drop-cap-view-default) .elementor-drop-cap{margin-top:8px}.elementor-widget-text-editor:not(.elementor-drop-cap-view-default) .elementor-drop-cap-letter{width:1em;height:1em}.elementor-widget-text-editor .elementor-drop-cap{float:left;text-align:center;line-height:1;font-size:50px}.elementor-widget-text-editor .elementor-drop-cap-letter{display:inline-block}<\/style>\t\t\t\tLe bicarbonate de soude est bien connu de tous. Il est pour certains devenu un incontournable pour <b>l&rsquo;entretien naturel de la maison<\/b>. Nos aides m\u00e9nag\u00e8res \u00e0 base de bicarbonate de soude ne diront pas le contraire. <br>Deux nettoyants<b> multi-usages<\/b> pour ne rien laisser passer. Avec eux, il vous sera possible d\u2019att\u00e9nuer les mauvaises odeurs, de nettoyer les plaques de cuisson, de nettoyer la salle de bain, de pr\u00e9venir la formation de tarte, et on en passe\u00a0! Vous nous en direz des nouvelles.\t\t\t\t\t\t<\/div>\n\t\t\t\t<\/div>\n\t\t\t\t\t<\/div>\n\t\t<\/div>\n\t\t\t\t\t\t\t<\/div>\n\t\t<\/section>\n\t\t\t\t<section class=\"elementor-section elementor-top-section elementor-element elementor-element-b89413a elementor-section-boxed elementor-section-height-default elementor-section-height-default\" data-id=\"b89413a\" data-element_type=\"section\">\n\t\t\t\t\t\t<div class=\"elementor-container elementor-column-gap-default\">\n\t\t\t\t\t<div class=\"elementor-column elementor-col-50 elementor-top-column elementor-element elementor-element-384c86c\" data-id=\"384c86c\" data-element_type=\"column\">\n\t\t\t<div class=\"elementor-widget-wrap elementor-element-populated\">\n\t\t\t\t\t\t\t\t<div class=\"elementor-element elementor-element-2d80a23 elementor-widget__width-auto elementor-widget elementor-widget-heading\" data-id=\"2d80a23\" data-element_type=\"widget\" data-widget_type=\"heading.default\">\n\t\t\t\t<div class=\"elementor-widget-container\">\n\t\t\t<h2 class=\"elementor-heading-title elementor-size-default\">Compositions<\/h2>\t\t<\/div>\n\t\t\t\t<\/div>\n\t\t\t\t<div class=\"elementor-element elementor-element-e6e5c86 elementor-widget elementor-widget-text-editor\" data-id=\"e6e5c86\" data-element_type=\"widget\" data-widget_type=\"text-editor.default\">\n\t\t\t\t<div class=\"elementor-widget-container\">\n\t\t\t\t\t\t\t<p>Bicarbonate de soude.<br \/><i>Ce produit est exclusivement r\u00e9serv\u00e9 \u00e0 un usage m\u00e9nager et n\u2019est pas destin\u00e9 \u00e0 la consommation humaine.\u00a0<\/i><\/p>\t\t\t\t\t\t<\/div>\n\t\t\t\t<\/div>\n\t\t\t\t<div class=\"elementor-element elementor-element-f3e5109 bloc-info elementor-widget elementor-widget-html\" data-id=\"f3e5109\" data-element_type=\"widget\" data-widget_type=\"html.default\">\n\t\t\t\t<div class=\"elementor-widget-container\">\n\t\t\t<span class=\"base\"> <div class=\"i\">i<\/div>Bien qu\u2019\u00e0 base de vinaigre, nous sommes quand m\u00eame des produits\nd\u2019entretien, donc manipulez-nous avec pr\u00e9caution\u00a0: c\u2019est tellement\n\u00e9vident, que \u00e7a va mieux en le disant\u00a0!<\/span>\n<div class=\"bloc-infos\">\n<span class=\"info\">Tenir hors de port\u00e9e des enfants. En cas de consultation d\u2019un m\u00e9decin, garder \u00e0 disposition le r\u00e9cipient ou l\u2019\u00e9tiquette.\nNe pas utiliser sur l\u2019aluminium. En cas de premi\u00e8re utilisation, faire un test sur une petite partie peu visible. Conserver \u00e0 l\u2019abri de la lumi\u00e8re et de l\u2019humidit\u00e9 et dans son emballage d\u2019origine.\u2028<\/span>\n<\/div>\t\t<\/div>\n\t\t\t\t<\/div>\n\t\t\t\t\t<\/div>\n\t\t<\/div>\n\t\t\t\t<div class=\"elementor-column elementor-col-50 elementor-top-column elementor-element elementor-element-6979da7\" data-id=\"6979da7\" data-element_type=\"column\">\n\t\t\t<div class=\"elementor-widget-wrap elementor-element-populated\">\n\t\t\t\t\t\t\t\t<div class=\"elementor-element elementor-element-a8353cc elementor-widget elementor-widget-image\" data-id=\"a8353cc\" data-element_type=\"widget\" data-widget_type=\"image.default\">\n\t\t\t\t<div class=\"elementor-widget-container\">\n\t\t\t<style>\/*! elementor - v3.13.2 - 11-05-2023 *\/\n.elementor-widget-image{text-align:center}.elementor-widget-image a{display:inline-block}.elementor-widget-image a img[src$=\".svg\"]{width:48px}.elementor-widget-image img{vertical-align:middle;display:inline-block}<\/style>\t\t\t\t\t\t\t\t\t\t\t\t<img loading=\"lazy\" decoding=\"async\" width=\"800\" height=\"622\" src=\"https:\/\/www.dev.bleuvif.com\/grandmenage\/wp-content\/uploads\/2023\/01\/DuoAideMenagere.png\" class=\"attachment-large size-large wp-image-2114\" alt=\"\" srcset=\"https:\/\/www.dev.bleuvif.com\/grandmenage\/wp-content\/uploads\/2023\/01\/DuoAideMenagere.png 812w, https:\/\/www.dev.bleuvif.com\/grandmenage\/wp-content\/uploads\/2023\/01\/DuoAideMenagere-300x233.png 300w, https:\/\/www.dev.bleuvif.com\/grandmenage\/wp-content\/uploads\/2023\/01\/DuoAideMenagere-768x597.png 768w\" sizes=\"auto, (max-width: 800px) 100vw, 800px\" \/>\t\t\t\t\t\t\t\t\t\t\t\t\t\t\t<\/div>\n\t\t\t\t<\/div>\n\t\t\t\t\t<\/div>\n\t\t<\/div>\n\t\t\t\t\t\t\t<\/div>\n\t\t<\/section>\n\t\t\t\t\t\t\t<\/div>\n\t\t","protected":false},"excerpt":{"rendered":"<p>AIDES M\u00c9NAG\u00c8RES Pot 350g &amp; Spray gel Le bicarbonate de soude est bien connu de tous. Il est pour certains devenu un incontournable pour l&rsquo;entretien naturel de la maison. Nos aides m\u00e9nag\u00e8res \u00e0 base de bicarbonate de soude ne diront pas le contraire. Deux nettoyants multi-usages pour ne rien laisser passer. Avec eux, il vous [&hellip;]<\/p>\n","protected":false},"author":1,"featured_media":0,"parent":14,"menu_order":0,"comment_status":"closed","ping_status":"closed","template":"","meta":{"footnotes":""},"class_list":["post-2109","page","type-page","status-publish","hentry"],"yoast_head":"<!-- This site is optimized with the Yoast SEO plugin v20.7 - https:\/\/yoast.com\/wordpress\/plugins\/seo\/ -->\n<title>Aide M\u00e9nag\u00e8re vinaigres d\u2019alcool - Grand m\u00e9nage<\/title>\n<meta name=\"robots\" content=\"index, follow, max-snippet:-1, max-image-preview:large, max-video-preview:-1\" \/>\n<link rel=\"canonical\" href=\"https:\/\/www.dev.bleuvif.com\/grandmenage\/produits\/aide-menagere-vinaigres-dalcool\/\" \/>\n<meta property=\"og:locale\" content=\"fr_FR\" \/>\n<meta property=\"og:type\" content=\"article\" \/>\n<meta property=\"og:title\" content=\"Aide M\u00e9nag\u00e8re vinaigres d\u2019alcool - Grand m\u00e9nage\" \/>\n<meta property=\"og:description\" content=\"AIDES M\u00c9NAG\u00c8RES Pot 350g &amp; Spray gel Le bicarbonate de soude est bien connu de tous. Il est pour certains devenu un incontournable pour l&rsquo;entretien naturel de la maison. Nos aides m\u00e9nag\u00e8res \u00e0 base de bicarbonate de soude ne diront pas le contraire. Deux nettoyants multi-usages pour ne rien laisser passer. Avec eux, il vous [&hellip;]\" \/>\n<meta property=\"og:url\" content=\"https:\/\/www.dev.bleuvif.com\/grandmenage\/produits\/aide-menagere-vinaigres-dalcool\/\" \/>\n<meta property=\"og:site_name\" content=\"Grand m\u00e9nage\" \/>\n<meta property=\"article:modified_time\" content=\"2023-05-09T14:26:17+00:00\" \/>\n<meta property=\"og:image\" content=\"https:\/\/www.dev.bleuvif.com\/grandmenage\/wp-content\/uploads\/2023\/01\/DuoAideMenagere.png\" \/>\n<meta name=\"twitter:card\" content=\"summary_large_image\" \/>\n<meta name=\"twitter:label1\" content=\"Dur\u00e9e de lecture estim\u00e9e\" \/>\n\t<meta name=\"twitter:data1\" content=\"2 minutes\" \/>\n<script type=\"application\/ld+json\" class=\"yoast-schema-graph\">{\"@context\":\"https:\/\/schema.org\",\"@graph\":[{\"@type\":\"WebPage\",\"@id\":\"https:\/\/www.dev.bleuvif.com\/grandmenage\/produits\/aide-menagere-vinaigres-dalcool\/\",\"url\":\"https:\/\/www.dev.bleuvif.com\/grandmenage\/produits\/aide-menagere-vinaigres-dalcool\/\",\"name\":\"Aide M\u00e9nag\u00e8re vinaigres d\u2019alcool - Grand m\u00e9nage\",\"isPartOf\":{\"@id\":\"https:\/\/www.dev.bleuvif.com\/grandmenage\/#website\"},\"datePublished\":\"2023-01-13T13:58:07+00:00\",\"dateModified\":\"2023-05-09T14:26:17+00:00\",\"breadcrumb\":{\"@id\":\"https:\/\/www.dev.bleuvif.com\/grandmenage\/produits\/aide-menagere-vinaigres-dalcool\/#breadcrumb\"},\"inLanguage\":\"fr-FR\",\"potentialAction\":[{\"@type\":\"ReadAction\",\"target\":[\"https:\/\/www.dev.bleuvif.com\/grandmenage\/produits\/aide-menagere-vinaigres-dalcool\/\"]}]},{\"@type\":\"BreadcrumbList\",\"@id\":\"https:\/\/www.dev.bleuvif.com\/grandmenage\/produits\/aide-menagere-vinaigres-dalcool\/#breadcrumb\",\"itemListElement\":[{\"@type\":\"ListItem\",\"position\":1,\"name\":\"PRODUITS\",\"item\":\"https:\/\/www.dev.bleuvif.com\/grandmenage\/produits\/\"},{\"@type\":\"ListItem\",\"position\":2,\"name\":\"AIDES M\u00c9NAG\u00c8RES\"}]},{\"@type\":\"WebSite\",\"@id\":\"https:\/\/www.dev.bleuvif.com\/grandmenage\/#website\",\"url\":\"https:\/\/www.dev.bleuvif.com\/grandmenage\/\",\"name\":\"Grand m\u00e9nage\",\"description\":\"\",\"publisher\":{\"@id\":\"https:\/\/www.dev.bleuvif.com\/grandmenage\/#organization\"},\"potentialAction\":[{\"@type\":\"SearchAction\",\"target\":{\"@type\":\"EntryPoint\",\"urlTemplate\":\"https:\/\/www.dev.bleuvif.com\/grandmenage\/?s={search_term_string}\"},\"query-input\":\"required name=search_term_string\"}],\"inLanguage\":\"fr-FR\"},{\"@type\":\"Organization\",\"@id\":\"https:\/\/www.dev.bleuvif.com\/grandmenage\/#organization\",\"name\":\"Grand m\u00e9nage\",\"url\":\"https:\/\/www.dev.bleuvif.com\/grandmenage\/\",\"logo\":{\"@type\":\"ImageObject\",\"inLanguage\":\"fr-FR\",\"@id\":\"https:\/\/www.dev.bleuvif.com\/grandmenage\/#\/schema\/logo\/image\/\",\"url\":\"https:\/\/www.dev.bleuvif.com\/grandmenage\/wp-content\/uploads\/2023\/01\/cropped-PlaneteGM.png\",\"contentUrl\":\"https:\/\/www.dev.bleuvif.com\/grandmenage\/wp-content\/uploads\/2023\/01\/cropped-PlaneteGM.png\",\"width\":512,\"height\":512,\"caption\":\"Grand m\u00e9nage\"},\"image\":{\"@id\":\"https:\/\/www.dev.bleuvif.com\/grandmenage\/#\/schema\/logo\/image\/\"}}]}<\/script>\n<!-- \/ Yoast SEO plugin. -->","yoast_head_json":{"title":"Aide M\u00e9nag\u00e8re vinaigres d\u2019alcool - Grand m\u00e9nage","robots":{"index":"index","follow":"follow","max-snippet":"max-snippet:-1","max-image-preview":"max-image-preview:large","max-video-preview":"max-video-preview:-1"},"canonical":"https:\/\/www.dev.bleuvif.com\/grandmenage\/produits\/aide-menagere-vinaigres-dalcool\/","og_locale":"fr_FR","og_type":"article","og_title":"Aide M\u00e9nag\u00e8re vinaigres d\u2019alcool - Grand m\u00e9nage","og_description":"AIDES M\u00c9NAG\u00c8RES Pot 350g &amp; Spray gel Le bicarbonate de soude est bien connu de tous. Il est pour certains devenu un incontournable pour l&rsquo;entretien naturel de la maison. Nos aides m\u00e9nag\u00e8res \u00e0 base de bicarbonate de soude ne diront pas le contraire. Deux nettoyants multi-usages pour ne rien laisser passer. Avec eux, il vous [&hellip;]","og_url":"https:\/\/www.dev.bleuvif.com\/grandmenage\/produits\/aide-menagere-vinaigres-dalcool\/","og_site_name":"Grand m\u00e9nage","article_modified_time":"2023-05-09T14:26:17+00:00","og_image":[{"url":"https:\/\/www.dev.bleuvif.com\/grandmenage\/wp-content\/uploads\/2023\/01\/DuoAideMenagere.png"}],"twitter_card":"summary_large_image","twitter_misc":{"Dur\u00e9e de lecture estim\u00e9e":"2 minutes"},"schema":{"@context":"https:\/\/schema.org","@graph":[{"@type":"WebPage","@id":"https:\/\/www.dev.bleuvif.com\/grandmenage\/produits\/aide-menagere-vinaigres-dalcool\/","url":"https:\/\/www.dev.bleuvif.com\/grandmenage\/produits\/aide-menagere-vinaigres-dalcool\/","name":"Aide M\u00e9nag\u00e8re vinaigres d\u2019alcool - Grand m\u00e9nage","isPartOf":{"@id":"https:\/\/www.dev.bleuvif.com\/grandmenage\/#website"},"datePublished":"2023-01-13T13:58:07+00:00","dateModified":"2023-05-09T14:26:17+00:00","breadcrumb":{"@id":"https:\/\/www.dev.bleuvif.com\/grandmenage\/produits\/aide-menagere-vinaigres-dalcool\/#breadcrumb"},"inLanguage":"fr-FR","potentialAction":[{"@type":"ReadAction","target":["https:\/\/www.dev.bleuvif.com\/grandmenage\/produits\/aide-menagere-vinaigres-dalcool\/"]}]},{"@type":"BreadcrumbList","@id":"https:\/\/www.dev.bleuvif.com\/grandmenage\/produits\/aide-menagere-vinaigres-dalcool\/#breadcrumb","itemListElement":[{"@type":"ListItem","position":1,"name":"PRODUITS","item":"https:\/\/www.dev.bleuvif.com\/grandmenage\/produits\/"},{"@type":"ListItem","position":2,"name":"AIDES M\u00c9NAG\u00c8RES"}]},{"@type":"WebSite","@id":"https:\/\/www.dev.bleuvif.com\/grandmenage\/#website","url":"https:\/\/www.dev.bleuvif.com\/grandmenage\/","name":"Grand m\u00e9nage","description":"","publisher":{"@id":"https:\/\/www.dev.bleuvif.com\/grandmenage\/#organization"},"potentialAction":[{"@type":"SearchAction","target":{"@type":"EntryPoint","urlTemplate":"https:\/\/www.dev.bleuvif.com\/grandmenage\/?s={search_term_string}"},"query-input":"required name=search_term_string"}],"inLanguage":"fr-FR"},{"@type":"Organization","@id":"https:\/\/www.dev.bleuvif.com\/grandmenage\/#organization","name":"Grand m\u00e9nage","url":"https:\/\/www.dev.bleuvif.com\/grandmenage\/","logo":{"@type":"ImageObject","inLanguage":"fr-FR","@id":"https:\/\/www.dev.bleuvif.com\/grandmenage\/#\/schema\/logo\/image\/","url":"https:\/\/www.dev.bleuvif.com\/grandmenage\/wp-content\/uploads\/2023\/01\/cropped-PlaneteGM.png","contentUrl":"https:\/\/www.dev.bleuvif.com\/grandmenage\/wp-content\/uploads\/2023\/01\/cropped-PlaneteGM.png","width":512,"height":512,"caption":"Grand m\u00e9nage"},"image":{"@id":"https:\/\/www.dev.bleuvif.com\/grandmenage\/#\/schema\/logo\/image\/"}}]}},"_links":{"self":[{"href":"https:\/\/www.dev.bleuvif.com\/grandmenage\/wp-json\/wp\/v2\/pages\/2109","targetHints":{"allow":["GET"]}}],"collection":[{"href":"https:\/\/www.dev.bleuvif.com\/grandmenage\/wp-json\/wp\/v2\/pages"}],"about":[{"href":"https:\/\/www.dev.bleuvif.com\/grandmenage\/wp-json\/wp\/v2\/types\/page"}],"author":[{"embeddable":true,"href":"https:\/\/www.dev.bleuvif.com\/grandmenage\/wp-json\/wp\/v2\/users\/1"}],"replies":[{"embeddable":true,"href":"https:\/\/www.dev.bleuvif.com\/grandmenage\/wp-json\/wp\/v2\/comments?post=2109"}],"version-history":[{"count":65,"href":"https:\/\/www.dev.bleuvif.com\/grandmenage\/wp-json\/wp\/v2\/pages\/2109\/revisions"}],"predecessor-version":[{"id":4612,"href":"https:\/\/www.dev.bleuvif.com\/grandmenage\/wp-json\/wp\/v2\/pages\/2109\/revisions\/4612"}],"up":[{"embeddable":true,"href":"https:\/\/www.dev.bleuvif.com\/grandmenage\/wp-json\/wp\/v2\/pages\/14"}],"wp:attachment":[{"href":"https:\/\/www.dev.bleuvif.com\/grandmenage\/wp-json\/wp\/v2\/media?parent=2109"}],"curies":[{"name":"wp","href":"https:\/\/api.w.org\/{rel}","templated":true}]}}